{"id":84,"date":"2011-12-09T13:56:50","date_gmt":"2011-12-09T13:56:50","guid":{"rendered":"http:\/\/www.masoch.net\/CGT\/?page_id=84"},"modified":"2025-06-22T20:07:02","modified_gmt":"2025-06-22T18:07:02","slug":"presentation","status":"publish","type":"page","link":"http:\/\/www.ulcgt69villefranche.fr\/?page_id=84","title":{"rendered":"Pr\u00e9sentation"},"content":{"rendered":"<p>\u00a0<\/p>\n<h1><span style=\"text-decoration: underline;\"><strong>Deux Co Secr\u00e9taires G\u00e9n\u00e9raux\u00a0<\/strong><\/span><\/h1>\n<p>HAMMER Guy<\/p>\n<p>BIBET Patrick<\/p>\n<h1><span style=\"text-decoration: underline;\">Une Commission\u00a0Ex\u00e9cutive\u00a0<\/span><\/h1>\n<ul>\n<li>\u00e9lit le bureau \u00e0 la majorit\u00e9 relative<\/li>\n<li>effectue toutes les modifications n\u00e9cessaires en ce qui concerne le bureau<\/li>\n<li>prend les d\u00e9cisions \u00e0 la majorit\u00e9 relative<\/li>\n<li>assure le suivi des orientations de l&rsquo;Union Locale<\/li>\n<li>met en place des commissions sp\u00e9cialis\u00e9es<\/li>\n<li>se r\u00e9unit une fois par mois, tous les premiers lundis<\/li>\n<\/ul>\n<p>Ces r\u00e9unions permettent de d\u00e9battre sur l\u2019actualit\u00e9 Sociale et Economique de la circonscription.<\/p>\n<p>Ce collectif, compos\u00e9 de camarades volontaires et des d\u00e9l\u00e9gu\u00e9s syndicaux, a en charge l&rsquo;activit\u00e9 de l&rsquo;Union Locale, les d\u00e9cisions d&rsquo;actions, d&rsquo;interventions, etc&#8230;<\/p>\n\n\n<p><\/p>\n","protected":false},"excerpt":{"rendered":"<p>\u00a0 Deux Co Secr\u00e9taires G\u00e9n\u00e9raux\u00a0 HAMMER Guy BIBET Patrick Une Commission\u00a0Ex\u00e9cutive\u00a0 \u00e9lit le bureau \u00e0 la majorit\u00e9 relative effectue toutes les modifications n\u00e9cessaires en ce qui concerne le bureau prend les d\u00e9cisions \u00e0 la majorit\u00e9 relative assure le suivi des orientations de l&rsquo;Union Locale met en place des commissions sp\u00e9cialis\u00e9es se r\u00e9unit une fois par [&hellip;]<\/p>\n","protected":false},"author":2,"featured_media":0,"parent":82,"menu_order":0,"comment_status":"closed","ping_status":"closed","template":"","meta":[],"_links":{"self":[{"href":"http:\/\/www.ulcgt69villefranche.fr\/index.php?rest_route=\/wp\/v2\/pages\/84"}],"collection":[{"href":"http:\/\/www.ulcgt69villefranche.fr\/index.php?rest_route=\/wp\/v2\/pages"}],"about":[{"href":"http:\/\/www.ulcgt69villefranche.fr\/index.php?rest_route=\/wp\/v2\/types\/page"}],"author":[{"embeddable":true,"href":"http:\/\/www.ulcgt69villefranche.fr\/index.php?rest_route=\/wp\/v2\/users\/2"}],"replies":[{"embeddable":true,"href":"http:\/\/www.ulcgt69villefranche.fr\/index.php?rest_route=%2Fwp%2Fv2%2Fcomments&post=84"}],"version-history":[{"count":13,"href":"http:\/\/www.ulcgt69villefranche.fr\/index.php?rest_route=\/wp\/v2\/pages\/84\/revisions"}],"predecessor-version":[{"id":5544,"href":"http:\/\/www.ulcgt69villefranche.fr\/index.php?rest_route=\/wp\/v2\/pages\/84\/revisions\/5544"}],"up":[{"embeddable":true,"href":"http:\/\/www.ulcgt69villefranche.fr\/index.php?rest_route=\/wp\/v2\/pages\/82"}],"wp:attachment":[{"href":"http:\/\/www.ulcgt69villefranche.fr\/index.php?rest_route=%2Fwp%2Fv2%2Fmedia&parent=84"}],"curies":[{"name":"wp","href":"https:\/\/api.w.org\/{rel}","templated":true}]}}