{"id":177,"date":"2011-12-09T14:50:12","date_gmt":"2011-12-09T14:50:12","guid":{"rendered":"http:\/\/www.masoch.net\/CGT\/?page_id=177"},"modified":"2025-11-07T00:24:21","modified_gmt":"2025-11-06T23:24:21","slug":"indecosa","status":"publish","type":"page","link":"http:\/\/www.ulcgt69villefranche.fr\/?page_id=177","title":{"rendered":"Indecosa"},"content":{"rendered":"<p style=\"text-align: center;\"><strong><a href=\"http:\/\/www.ulcgt69villefranche.fr\/wp-content\/uploads\/2011\/12\/Indecosa.jpg\"><img loading=\"lazy\" class=\"aligncenter size-full wp-image-501\" title=\"Indecosa\" src=\"http:\/\/www.ulcgt69villefranche.fr\/wp-content\/uploads\/2011\/12\/Indecosa.jpg\" alt=\"\" width=\"124\" height=\"121\" \/><\/a><\/strong><\/p>\n<p style=\"text-align: center;\"><strong>ASSOCIATION POUR L&rsquo;INFORMATION ET LA DEFENSE DES CONSOMMATEURS SALARIES-CGT\u00a0<\/strong><br \/>\n263, rue de Paris<br \/>\n93516 Montreuil Cedex<br \/>\nT\u00e9l : 01 48 18 84 26<br \/>\nFax : 01 48 18 84 82<\/p>\n<p>Site : <a title=\"http:\/\/www.indecosa.cgt.fr\" href=\"http:\/\/www.indecosa.cgt.fr\" target=\"_blank\" rel=\"noopener\">http:\/\/www.indecosa.cgt.fr<\/a><br \/>\nEmail : <a href=\"mailto:Contact@indecosa.cgt.org\" target=\"_blank\" rel=\"noopener\">Contact@indecosa.cgt.org<\/a><\/p>\n<h4>Objectifs<\/h4>\n<p>Assurer et d\u00e9velopper la protection, la formation, l\u2019information et la d\u00e9fense des consommateurs et des locataires. Suivre la mise en \u0153uvre d\u2019actions consum\u00e9ristes portant des valeurs sociales et environnementales.<\/p>\n<h4>Organisation<\/h4>\n<p>En France, 280 points d\u2019accueil regroupant plus de 672 000 adh\u00e9rents.<br \/>\nL\u2019association est membre de ConsoFrance, coordination de 8 associations de d\u00e9fense des consommateurs (Ad\u00e9ic, Afoc, Asseco-CFDT, Cnafal, CNL, Fnaut, Indecosa-CGT, L\u00e9o Lagrange Consommation) qui \u0153uvrent pour un consum\u00e9risme social et environnemental.<\/p>\n<h4>Domains d&rsquo;intervention<\/h4>\n<p><strong>Banque<\/strong><br \/>\nSurendettement, cr\u00e9dit \u00e0 la consommation et service bancaire universel.<\/p>\n<p><strong>Energie<\/strong><br \/>\nTarifications des \u00e9nergies, litiges li\u00e9s \u00e0 la concurrence, le mixte \u00e9nerg\u00e9tique.<\/p>\n<p><strong>Environnement<\/strong><br \/>\nD\u00e9chets domestiques, qualit\u00e9 de l\u2019eau (campagne d\u2019information 2006), impact des produits chimiques.<\/p>\n<p><strong>Logement<\/strong><br \/>\nCr\u00e9dit hypoth\u00e9caire, droit au logement, service public de l\u2019habitat.<\/p>\n<p><strong>Sant\u00e9<\/strong><br \/>\nS\u00e9curit\u00e9 alimentaire et ob\u00e9sit\u00e9, droits des patients, m\u00e9dicaments et produits de sant\u00e9.<\/p>\n<p><strong>Nouvelles technologies de l&rsquo;information et de la communication<\/strong><br \/>\nAbus des op\u00e9rateurs de t\u00e9l\u00e9phonie mobile.<\/p>\n<p><strong>Transports\/Services publics<\/strong><br \/>\nProposition pour une instance repr\u00e9sentative des usagers et demande d\u2019un statut pour les associations d\u2019usagers.<\/p>\n","protected":false},"excerpt":{"rendered":"<p>ASSOCIATION POUR L&rsquo;INFORMATION ET LA DEFENSE DES CONSOMMATEURS SALARIES-CGT\u00a0 263, rue de Paris 93516 Montreuil Cedex T\u00e9l : 01 48 18 84 26 Fax : 01 48 18 84 82 Site : http:\/\/www.indecosa.cgt.fr Email : Contact@indecosa.cgt.org Objectifs Assurer et d\u00e9velopper la protection, la formation, l\u2019information et la d\u00e9fense des consommateurs et des locataires. Suivre la [&hellip;]<\/p>\n","protected":false},"author":2,"featured_media":0,"parent":173,"menu_order":0,"comment_status":"closed","ping_status":"closed","template":"","meta":[],"_links":{"self":[{"href":"http:\/\/www.ulcgt69villefranche.fr\/index.php?rest_route=\/wp\/v2\/pages\/177"}],"collection":[{"href":"http:\/\/www.ulcgt69villefranche.fr\/index.php?rest_route=\/wp\/v2\/pages"}],"about":[{"href":"http:\/\/www.ulcgt69villefranche.fr\/index.php?rest_route=\/wp\/v2\/types\/page"}],"author":[{"embeddable":true,"href":"http:\/\/www.ulcgt69villefranche.fr\/index.php?rest_route=\/wp\/v2\/users\/2"}],"replies":[{"embeddable":true,"href":"http:\/\/www.ulcgt69villefranche.fr\/index.php?rest_route=%2Fwp%2Fv2%2Fcomments&post=177"}],"version-history":[{"count":15,"href":"http:\/\/www.ulcgt69villefranche.fr\/index.php?rest_route=\/wp\/v2\/pages\/177\/revisions"}],"predecessor-version":[{"id":5747,"href":"http:\/\/www.ulcgt69villefranche.fr\/index.php?rest_route=\/wp\/v2\/pages\/177\/revisions\/5747"}],"up":[{"embeddable":true,"href":"http:\/\/www.ulcgt69villefranche.fr\/index.php?rest_route=\/wp\/v2\/pages\/173"}],"wp:attachment":[{"href":"http:\/\/www.ulcgt69villefranche.fr\/index.php?rest_route=%2Fwp%2Fv2%2Fmedia&parent=177"}],"curies":[{"name":"wp","href":"https:\/\/api.w.org\/{rel}","templated":true}]}}