{"id":175,"date":"2012-09-24T20:33:42","date_gmt":"2012-09-24T18:33:42","guid":{"rendered":"http:\/\/www.masoch.net\/CGT\/?page_id=175"},"modified":"2025-11-03T15:59:35","modified_gmt":"2025-11-03T14:59:35","slug":"retraites","status":"publish","type":"page","link":"http:\/\/www.ulcgt69villefranche.fr\/?page_id=175","title":{"rendered":"Retrait\u00e9s"},"content":{"rendered":"<p style=\"text-align: center;\"><a title=\"Lettre d'invitation\" href=\"http:\/\/www.ulcgt69villefranche.fr\/wp-content\/uploads\/2012\/09\/Lettre-invitant-\u00e0-ladh\u00e9sion-des-retrait\u00e9s.pdf\" target=\"_blank\" rel=\"noopener\"><img loading=\"lazy\" class=\"aligncenter size-full wp-image-507\" title=\"imagesCAZ59TTK\" src=\"http:\/\/www.ulcgt69villefranche.fr\/wp-content\/uploads\/2011\/12\/imagesCAZ59TTK.jpg\" alt=\"\" width=\"136\" height=\"149\" \/><\/a><\/p>\n<h1 style=\"text-align: center;\">DONNER\u00a0DE L&rsquo;AVENIR A VOTRE RETRAITE<\/h1>\n<p style=\"text-align: center;\">Lettre d&rsquo;invitation.pdf<\/p>\n<p style=\"text-align: justify;\">\u00a0\u00a0\u00a0\u00a0\u00a0\u00a0\u00a0\u00a0L&rsquo;Union Locale des Syndiqu\u00e9s Retrait\u00e9s CGT de Villefranche, du Beaujolais et du Val de Sa\u00f4ne assure gratuitement des renseignements pour tous les retrait\u00e9s.<\/p>\n<p style=\"text-align: justify;\"><strong>\u00a0\u00a0\u00a0\u00a0\u00a0\u00a0\u00a0\u00a0Si vous, ou l&rsquo;un de vos proches avez besoin d\u2019une information sur vos droits, d\u2019\u00eatre aid\u00e9 dans vos d\u00e9marches administratives, de constituer un dossier ou de d\u00e9fendre vos int\u00e9r\u00eats en lien avec votre quotidien, vous pouvez contacter des syndiqu\u00e9s retrait\u00e9s Cgt\u00a0<\/strong><\/p>\n<p style=\"text-align: justify;\"><strong>04 74 65 25 31\u00a0 \u00e0 la bourse du travail<\/strong><strong> local retrait\u00e9s.<\/strong><\/p>\n","protected":false},"excerpt":{"rendered":"<p>DONNER\u00a0DE L&rsquo;AVENIR A VOTRE RETRAITE Lettre d&rsquo;invitation.pdf \u00a0\u00a0\u00a0\u00a0\u00a0\u00a0\u00a0\u00a0L&rsquo;Union Locale des Syndiqu\u00e9s Retrait\u00e9s CGT de Villefranche, du Beaujolais et du Val de Sa\u00f4ne assure gratuitement des renseignements pour tous les retrait\u00e9s. \u00a0\u00a0\u00a0\u00a0\u00a0\u00a0\u00a0\u00a0Si vous, ou l&rsquo;un de vos proches avez besoin d\u2019une information sur vos droits, d\u2019\u00eatre aid\u00e9 dans vos d\u00e9marches administratives, de constituer un dossier ou [&hellip;]<\/p>\n","protected":false},"author":3,"featured_media":0,"parent":173,"menu_order":0,"comment_status":"closed","ping_status":"closed","template":"","meta":[],"_links":{"self":[{"href":"http:\/\/www.ulcgt69villefranche.fr\/index.php?rest_route=\/wp\/v2\/pages\/175"}],"collection":[{"href":"http:\/\/www.ulcgt69villefranche.fr\/index.php?rest_route=\/wp\/v2\/pages"}],"about":[{"href":"http:\/\/www.ulcgt69villefranche.fr\/index.php?rest_route=\/wp\/v2\/types\/page"}],"author":[{"embeddable":true,"href":"http:\/\/www.ulcgt69villefranche.fr\/index.php?rest_route=\/wp\/v2\/users\/3"}],"replies":[{"embeddable":true,"href":"http:\/\/www.ulcgt69villefranche.fr\/index.php?rest_route=%2Fwp%2Fv2%2Fcomments&post=175"}],"version-history":[{"count":10,"href":"http:\/\/www.ulcgt69villefranche.fr\/index.php?rest_route=\/wp\/v2\/pages\/175\/revisions"}],"predecessor-version":[{"id":5730,"href":"http:\/\/www.ulcgt69villefranche.fr\/index.php?rest_route=\/wp\/v2\/pages\/175\/revisions\/5730"}],"up":[{"embeddable":true,"href":"http:\/\/www.ulcgt69villefranche.fr\/index.php?rest_route=\/wp\/v2\/pages\/173"}],"wp:attachment":[{"href":"http:\/\/www.ulcgt69villefranche.fr\/index.php?rest_route=%2Fwp%2Fv2%2Fmedia&parent=175"}],"curies":[{"name":"wp","href":"https:\/\/api.w.org\/{rel}","templated":true}]}}