{"id":134,"date":"2011-12-09T14:08:08","date_gmt":"2011-12-09T14:08:08","guid":{"rendered":"http:\/\/www.masoch.net\/CGT\/?page_id=134"},"modified":"2012-06-12T10:14:30","modified_gmt":"2012-06-12T08:14:30","slug":"delegations-exterieurs","status":"publish","type":"page","link":"http:\/\/www.ulcgt69villefranche.fr\/?page_id=134","title":{"rendered":"D\u00e9l\u00e9gations ext\u00e9rieurs"},"content":{"rendered":"<p>Nous avons des repr\u00e9sentants dans des Conseils d&rsquo;Administration et diverses commissions <\/p>\n<p><strong>EMPLOI<\/strong> :<br \/>\nCTEF<br \/>\nMAISON DE L EMPLOI <\/p>\n<p><strong>MEDECINE DU TRAVAIL<\/strong>\t<\/p>\n<p><strong>JEUNES: <\/strong><br \/>\nMISSION LOCALE<br \/>\nARFA<\/p>\n<p><strong>CRECHES :\t<\/strong><br \/>\nILE AUX ENFANTS<\/p>\n<p><strong>LOGEMENT : <\/strong><br \/>\nCILAV\/Alliade<br \/>\nHBVS<br \/>\nOPAC DU RHONE<\/p>\n<p><strong>PROTECTION SOCIALE : <\/strong><br \/>\nCPAM RHONE<br \/>\nCAF<br \/>\nURSAFF<br \/>\nMSA<br \/>\nTASS<\/p>\n<p><strong>MAIRIE  VILLEFRANCHE : <\/strong><br \/>\nCOMMISSION STATIONNEMENT <\/p>\n<p><strong>ECONOMIE SOCIALE :\t<\/strong><br \/>\nMACIF<br \/>\nCREDIT MUTUEL<br \/>\nMUTUALITE<\/p>\n<p><strong>CONSEIL LOCAL DE DEVELOPPEMENT DU PAYS BEAUJOLAIS<\/strong>\t<\/p>\n<p><strong>CESR<\/strong>\t<\/p>\n<p><strong>SOUS PREFECTURE : <\/strong><br \/>\nFEMMES EN BEAUJOLAIS<\/p>\n","protected":false},"excerpt":{"rendered":"<p>Nous avons des repr\u00e9sentants dans des Conseils d&rsquo;Administration et diverses commissions EMPLOI : CTEF MAISON DE L EMPLOI MEDECINE DU TRAVAIL JEUNES: MISSION LOCALE ARFA CRECHES : ILE AUX ENFANTS LOGEMENT : CILAV\/Alliade HBVS OPAC DU RHONE PROTECTION SOCIALE : CPAM RHONE CAF URSAFF MSA TASS MAIRIE VILLEFRANCHE : COMMISSION STATIONNEMENT ECONOMIE SOCIALE : MACIF [&hellip;]<\/p>\n","protected":false},"author":2,"featured_media":0,"parent":82,"menu_order":0,"comment_status":"closed","ping_status":"closed","template":"","meta":[],"_links":{"self":[{"href":"http:\/\/www.ulcgt69villefranche.fr\/index.php?rest_route=\/wp\/v2\/pages\/134"}],"collection":[{"href":"http:\/\/www.ulcgt69villefranche.fr\/index.php?rest_route=\/wp\/v2\/pages"}],"about":[{"href":"http:\/\/www.ulcgt69villefranche.fr\/index.php?rest_route=\/wp\/v2\/types\/page"}],"author":[{"embeddable":true,"href":"http:\/\/www.ulcgt69villefranche.fr\/index.php?rest_route=\/wp\/v2\/users\/2"}],"replies":[{"embeddable":true,"href":"http:\/\/www.ulcgt69villefranche.fr\/index.php?rest_route=%2Fwp%2Fv2%2Fcomments&post=134"}],"version-history":[{"count":10,"href":"http:\/\/www.ulcgt69villefranche.fr\/index.php?rest_route=\/wp\/v2\/pages\/134\/revisions"}],"predecessor-version":[{"id":140,"href":"http:\/\/www.ulcgt69villefranche.fr\/index.php?rest_route=\/wp\/v2\/pages\/134\/revisions\/140"}],"up":[{"embeddable":true,"href":"http:\/\/www.ulcgt69villefranche.fr\/index.php?rest_route=\/wp\/v2\/pages\/82"}],"wp:attachment":[{"href":"http:\/\/www.ulcgt69villefranche.fr\/index.php?rest_route=%2Fwp%2Fv2%2Fmedia&parent=134"}],"curies":[{"name":"wp","href":"https:\/\/api.w.org\/{rel}","templated":true}]}}