{"id":116,"date":"2011-12-09T14:04:02","date_gmt":"2011-12-09T14:04:02","guid":{"rendered":"http:\/\/www.masoch.net\/CGT\/?page_id=116"},"modified":"2017-06-09T14:03:40","modified_gmt":"2017-06-09T12:03:40","slug":"public","status":"publish","type":"page","link":"http:\/\/www.ulcgt69villefranche.fr\/?page_id=116","title":{"rendered":"Public"},"content":{"rendered":"<h3><span style=\"text-decoration: underline; color: #ff0000;\"><strong>Permanences pour les personnels de la sant\u00e9 et de l&rsquo;action sociale<\/strong><\/span><\/h3>\n<p>Les vendredis de 9 h \u00e0 12 h et de 13h30 \u00e0 15h<\/p>\n","protected":false},"excerpt":{"rendered":"<p>Permanences pour les personnels de la sant\u00e9 et de l&rsquo;action sociale Les vendredis de 9 h \u00e0 12 h et de 13h30 \u00e0 15h<\/p>\n","protected":false},"author":2,"featured_media":0,"parent":112,"menu_order":0,"comment_status":"closed","ping_status":"closed","template":"","meta":[],"_links":{"self":[{"href":"http:\/\/www.ulcgt69villefranche.fr\/index.php?rest_route=\/wp\/v2\/pages\/116"}],"collection":[{"href":"http:\/\/www.ulcgt69villefranche.fr\/index.php?rest_route=\/wp\/v2\/pages"}],"about":[{"href":"http:\/\/www.ulcgt69villefranche.fr\/index.php?rest_route=\/wp\/v2\/types\/page"}],"author":[{"embeddable":true,"href":"http:\/\/www.ulcgt69villefranche.fr\/index.php?rest_route=\/wp\/v2\/users\/2"}],"replies":[{"embeddable":true,"href":"http:\/\/www.ulcgt69villefranche.fr\/index.php?rest_route=%2Fwp%2Fv2%2Fcomments&post=116"}],"version-history":[{"count":6,"href":"http:\/\/www.ulcgt69villefranche.fr\/index.php?rest_route=\/wp\/v2\/pages\/116\/revisions"}],"predecessor-version":[{"id":2101,"href":"http:\/\/www.ulcgt69villefranche.fr\/index.php?rest_route=\/wp\/v2\/pages\/116\/revisions\/2101"}],"up":[{"embeddable":true,"href":"http:\/\/www.ulcgt69villefranche.fr\/index.php?rest_route=\/wp\/v2\/pages\/112"}],"wp:attachment":[{"href":"http:\/\/www.ulcgt69villefranche.fr\/index.php?rest_route=%2Fwp%2Fv2%2Fmedia&parent=116"}],"curies":[{"name":"wp","href":"https:\/\/api.w.org\/{rel}","templated":true}]}}