{"id":108,"date":"2011-12-09T14:02:39","date_gmt":"2011-12-09T14:02:39","guid":{"rendered":"http:\/\/www.masoch.net\/CGT\/?page_id=108"},"modified":"2025-10-31T14:43:05","modified_gmt":"2025-10-31T13:43:05","slug":"conseillers-prudhommes","status":"publish","type":"page","link":"http:\/\/www.ulcgt69villefranche.fr\/?page_id=108","title":{"rendered":"Conseillers Prud&rsquo;hommes"},"content":{"rendered":"<p>Les conseils des Prud&rsquo;hommes sont comp\u00e9tents pour tous les litiges qui peuvent survenir \u00e0 l\u2019occasion des relations individuelles de travail.<\/p>\n<p>La particularit\u00e9 des conseils des prud\u2019hommes est la parit\u00e9. Il y a autant de repr\u00e9sentant d\u2019employeurs que de salari\u00e9s.<\/p>\n<p>Le conseil est compos\u00e9 de cinq sections : activit\u00e9s diverses, industrie, agriculture, encadrement et commerce.L&rsquo;article L512-2 du Code du Travail pr\u00e9voit que c&rsquo;est l&rsquo;activit\u00e9 principale de l&#8217;employeur qui d\u00e9termine son appartenance \u00e0 l&rsquo;une des sections. Pour les salari\u00e9s, \u00e0 l&rsquo;exception des cadres lesquels d\u00e9pendent de la section encadrement quelle que soit l&rsquo;activit\u00e9 de l&rsquo;entreprise, c&rsquo;est l&rsquo;activit\u00e9 principale de l&rsquo;entreprise \u00e0 laquelle ils appartiennent qui d\u00e9termine leur rattachement \u00e0 une des cinq sections.<\/p>\n<p>Pour faire respecter vos droits individuels et collectifs, vous pouvez avoir recours aux conseils de prud&rsquo;hommes. Les \u00e9lus CGT prud&rsquo;homaux sont \u00e0 vos c\u00f4t\u00e9s, ils agissent pour d\u00e9fendre vos int\u00e9r\u00eats de salari\u00e9 et les garanties collectives.<\/p>\n<p>Qui sont-ils ?<\/p>\n<h4><span style=\"text-decoration: underline; color: #ff0000;\">SECTION INDUSTRIE<\/span><\/h4>\n<p><strong>Chemsdine SOUL<\/strong><\/p>\n<p><strong>Najet GRICHE<\/strong><\/p>\n<h4><span style=\"text-decoration: underline; color: #ff0000;\">SECTION COMMERCE<\/span><\/h4>\n<p><strong>Patrick BIBET<\/strong><\/p>\n<p><strong>Evelyne GRENIER<\/strong><\/p>\n<h4><span style=\"text-decoration: underline; color: #ff0000;\">SECTION ACTIVITES DIVERSES<\/span><\/h4>\n<p><strong>Pascale CERNICCHIARO<\/strong><\/p>\n<p><b>Jean-Hubert AUBRY<\/b><\/p>\n<h4>\u00a0REFERES :<\/h4>\n<p><strong>Patrick BIBET<\/strong><\/p>\n<p><strong>Pascale CERNICCHIARO<\/strong><\/p>\n<h4>15586*09 &#8211; Requ\u00eate aux fins de saisine du conseil de prud\u2019hommes par un salari\u00e9 <a title=\"T\u00e9l\u00e9charger un exemplaire vierge du cerfa 15586*08 - Nouvelle fen\u00eatre\" href=\"https:\/\/www.formulaires.service-public.fr\/gf\/cerfa_15586.do\" target=\"_blank\" rel=\"noopener\">t\u00e9l\u00e9charger un exemplaire vierge du cerfa 15586*09<\/a><\/h4>\n<hr \/>\n<h4><a href=\"http:\/\/www.ulcgt69villefranche.fr\/wp-content\/uploads\/2025\/10\/attestation-de-temoin-cerfa_11527.pdf\">Attestation de t\u00e9moin cerfa_11527<\/a><\/h4>\n<h4><a href=\"http:\/\/www.ulcgt69villefranche.fr\/wp-content\/uploads\/2025\/10\/Bordereau-de-pieces-CPH.pdf\">Bordereau de pi\u00e8ces CPH<\/a><\/h4>\n","protected":false},"excerpt":{"rendered":"<p>Les conseils des Prud&rsquo;hommes sont comp\u00e9tents pour tous les litiges qui peuvent survenir \u00e0 l\u2019occasion des relations individuelles de travail. La particularit\u00e9 des conseils des prud\u2019hommes est la parit\u00e9. Il y a autant de repr\u00e9sentant d\u2019employeurs que de salari\u00e9s. Le conseil est compos\u00e9 de cinq sections : activit\u00e9s diverses, industrie, agriculture, encadrement et commerce.L&rsquo;article L512-2 [&hellip;]<\/p>\n","protected":false},"author":2,"featured_media":0,"parent":102,"menu_order":0,"comment_status":"closed","ping_status":"closed","template":"","meta":[],"_links":{"self":[{"href":"http:\/\/www.ulcgt69villefranche.fr\/index.php?rest_route=\/wp\/v2\/pages\/108"}],"collection":[{"href":"http:\/\/www.ulcgt69villefranche.fr\/index.php?rest_route=\/wp\/v2\/pages"}],"about":[{"href":"http:\/\/www.ulcgt69villefranche.fr\/index.php?rest_route=\/wp\/v2\/types\/page"}],"author":[{"embeddable":true,"href":"http:\/\/www.ulcgt69villefranche.fr\/index.php?rest_route=\/wp\/v2\/users\/2"}],"replies":[{"embeddable":true,"href":"http:\/\/www.ulcgt69villefranche.fr\/index.php?rest_route=%2Fwp%2Fv2%2Fcomments&post=108"}],"version-history":[{"count":22,"href":"http:\/\/www.ulcgt69villefranche.fr\/index.php?rest_route=\/wp\/v2\/pages\/108\/revisions"}],"predecessor-version":[{"id":5720,"href":"http:\/\/www.ulcgt69villefranche.fr\/index.php?rest_route=\/wp\/v2\/pages\/108\/revisions\/5720"}],"up":[{"embeddable":true,"href":"http:\/\/www.ulcgt69villefranche.fr\/index.php?rest_route=\/wp\/v2\/pages\/102"}],"wp:attachment":[{"href":"http:\/\/www.ulcgt69villefranche.fr\/index.php?rest_route=%2Fwp%2Fv2%2Fmedia&parent=108"}],"curies":[{"name":"wp","href":"https:\/\/api.w.org\/{rel}","templated":true}]}}